{"id":1097,"date":"2024-06-06T20:16:45","date_gmt":"2024-06-06T18:16:45","guid":{"rendered":"https:\/\/www.cabanamoristo.cat\/serveis2\/"},"modified":"2024-06-07T12:38:21","modified_gmt":"2024-06-07T10:38:21","slug":"serveis2","status":"publish","type":"page","link":"https:\/\/www.cabanamoristo.cat\/es\/","title":{"rendered":"Inicio"},"content":{"rendered":"<div class=\"wpb-content-wrapper\"><p>[vc_row ova_container=\u00bb0&#8243; el_id=\u00bbhome\u00bb css=\u00bb.vc_custom_1717698038733{padding-right: 0px !important;padding-left: 0px !important;}\u00bb][vc_column css=\u00bb.vc_custom_1717698253510{padding-top: 15px !important;padding-right: 0px !important;padding-bottom: 15px !important;padding-left: 0px !important;}\u00bb]\n\t\t\t<!-- START Cabana Morist\u00f3 portada REVOLUTION SLIDER 6.7.14 --><p class=\"rs-p-wp-fix\"><\/p>\n\t\t\t<rs-module-wrap id=\"rev_slider_2_1_wrapper\" data-source=\"gallery\" style=\"visibility:hidden;background:transparent;padding:0;margin:0px auto;margin-top:0;margin-bottom:0;\">\n\t\t\t\t<rs-module id=\"rev_slider_2_1\" style=\"\" data-version=\"6.7.14\">\n\t\t\t\t\t<rs-slides style=\"overflow: hidden; position: absolute;\">\n\t\t\t\t\t\t<rs-slide style=\"position: absolute;\" data-key=\"rs-35\" data-title=\"Cocina vegana\" data-thumb=\"\/\/www.cabanamoristo.cat\/wp-content\/uploads\/2024\/05\/CabanaMoristoPortada-100x50.jpg\" data-in=\"o:0;\" data-out=\"a:false;\">\n\t\t\t\t\t\t\t<img decoding=\"async\" src=\"\/\/www.cabanamoristo.cat\/wp-content\/plugins\/revslider\/sr6\/assets\/assets\/dummy.png\" alt=\"\" title=\"CabanaMoristoPortada\" width=\"1920\" height=\"1280\" class=\"rev-slidebg tp-rs-img rs-lazyload\" data-lazyload=\"\/\/www.cabanamoristo.cat\/wp-content\/uploads\/2024\/05\/CabanaMoristoPortada.jpg\" data-no-retina>\n<!--\n\t\t\t\t\t\t\t--><rs-layer\n\t\t\t\t\t\t\t\tid=\"slider-2-slide-35-layer-3\" \n\t\t\t\t\t\t\t\tclass=\"tp-shape tp-shapewrapper\"\n\t\t\t\t\t\t\t\tdata-type=\"shape\"\n\t\t\t\t\t\t\t\tdata-rsp_ch=\"on\"\n\t\t\t\t\t\t\t\tdata-xy=\"x:c;y:m;\"\n\t\t\t\t\t\t\t\tdata-text=\"fw:500;\"\n\t\t\t\t\t\t\t\tdata-dim=\"w:500px;h:270px;\"\n\t\t\t\t\t\t\t\tdata-frame_0=\"sX:0.8;sY:0.8;\"\n\t\t\t\t\t\t\t\tdata-frame_1=\"e:power4.out;st:500;sp:1500;\"\n\t\t\t\t\t\t\t\tdata-frame_999=\"o:0;e:nothing;st:w;\"\n\t\t\t\t\t\t\t\tstyle=\"z-index:5;background-color:rgba(255,255,255,0.87);cursor:pointer;\"\n\t\t\t\t\t\t\t> \n\t\t\t\t\t\t\t<\/rs-layer><!--\n\n\t\t\t\t\t\t\t--><rs-layer\n\t\t\t\t\t\t\t\tid=\"slider-2-slide-35-layer-4\" \n\t\t\t\t\t\t\t\tclass=\"tp-shape tp-shapewrapper\"\n\t\t\t\t\t\t\t\tdata-type=\"shape\"\n\t\t\t\t\t\t\t\tdata-rsp_ch=\"on\"\n\t\t\t\t\t\t\t\tdata-xy=\"x:c;y:m;\"\n\t\t\t\t\t\t\t\tdata-text=\"fw:500;\"\n\t\t\t\t\t\t\t\tdata-dim=\"w:470px;h:240px;\"\n\t\t\t\t\t\t\t\tdata-border=\"bos:solid;boc:rgba(120,47,19,1);bow:1px,1px,1px,1px;\"\n\t\t\t\t\t\t\t\tdata-frame_0=\"sX:0.8;sY:0.8;\"\n\t\t\t\t\t\t\t\tdata-frame_1=\"e:power4.out;st:500;sp:1500;\"\n\t\t\t\t\t\t\t\tdata-frame_999=\"o:0;e:nothing;st:w;\"\n\t\t\t\t\t\t\t\tstyle=\"z-index:6;cursor:pointer;\"\n\t\t\t\t\t\t\t> \n\t\t\t\t\t\t\t<\/rs-layer><!--\n\n\t\t\t\t\t\t\t--><rs-layer\n\t\t\t\t\t\t\t\tid=\"slider-2-slide-35-layer-5\" \n\t\t\t\t\t\t\t\tdata-type=\"image\"\n\t\t\t\t\t\t\t\tdata-rsp_ch=\"on\"\n\t\t\t\t\t\t\t\tdata-xy=\"x:c;y:m;yo:-33px;\"\n\t\t\t\t\t\t\t\tdata-text=\"l:22;\"\n\t\t\t\t\t\t\t\tdata-dim=\"w:[&#039;248px&#039;,&#039;248px&#039;,&#039;248px&#039;,&#039;248px&#039;];h:[&#039;157px&#039;,&#039;157px&#039;,&#039;157px&#039;,&#039;157px&#039;];\"\n\t\t\t\t\t\t\t\tdata-frame_0=\"y:50px;\"\n\t\t\t\t\t\t\t\tdata-frame_1=\"e:power2.inOut;st:1300;sp:1500;\"\n\t\t\t\t\t\t\t\tdata-frame_999=\"o:0;e:nothing;st:w;\"\n\t\t\t\t\t\t\t\tstyle=\"z-index:7;cursor:pointer;\"\n\t\t\t\t\t\t\t><img decoding=\"async\" src=\"\/\/www.cabanamoristo.cat\/wp-content\/plugins\/revslider\/sr6\/assets\/assets\/dummy.png\" alt=\"\" class=\"tp-rs-img rs-lazyload\" width=\"422\" height=\"267\" data-lazyload=\"\/\/www.cabanamoristo.cat\/wp-content\/uploads\/2024\/05\/logo.png\" data-no-retina> \n\t\t\t\t\t\t\t<\/rs-layer><!--\n\n\t\t\t\t\t\t\t--><rs-layer\n\t\t\t\t\t\t\t\tid=\"slider-2-slide-35-layer-6\" \n\t\t\t\t\t\t\t\tdata-type=\"text\"\n\t\t\t\t\t\t\t\tdata-color=\"rgba(37,37,37,1)\"\n\t\t\t\t\t\t\t\tdata-rsp_ch=\"on\"\n\t\t\t\t\t\t\t\tdata-xy=\"x:c;y:m;yo:7px;\"\n\t\t\t\t\t\t\t\tdata-text=\"s:30;l:30;fw:700;\"\n\t\t\t\t\t\t\t\tdata-frame_0=\"y:50px;\"\n\t\t\t\t\t\t\t\tdata-frame_1=\"e:power2.inOut;st:1500;sp:1500;\"\n\t\t\t\t\t\t\t\tdata-frame_999=\"o:0;e:nothing;st:w;\"\n\t\t\t\t\t\t\t\tstyle=\"z-index:8;font-family:'Montserrat';\"\n\t\t\t\t\t\t\t> \n\t\t\t\t\t\t\t<\/rs-layer><!--\n\n\t\t\t\t\t\t\t--><rs-layer\n\t\t\t\t\t\t\t\tid=\"slider-2-slide-35-layer-7\" \n\t\t\t\t\t\t\t\tdata-type=\"text\"\n\t\t\t\t\t\t\t\tdata-color=\"rgba(69,69,69,1)\"\n\t\t\t\t\t\t\t\tdata-rsp_ch=\"on\"\n\t\t\t\t\t\t\t\tdata-xy=\"x:c;y:m;yo:60px;\"\n\t\t\t\t\t\t\t\tdata-text=\"s:15;l:20;a:center;\"\n\t\t\t\t\t\t\t\tdata-frame_0=\"y:50px;\"\n\t\t\t\t\t\t\t\tdata-frame_1=\"e:power2.inOut;st:1700;sp:1500;\"\n\t\t\t\t\t\t\t\tdata-frame_999=\"o:0;e:nothing;st:w;\"\n\t\t\t\t\t\t\t\tstyle=\"z-index:9;font-family:'Lora';\"\n\t\t\t\t\t\t\t>Cocina vegana \n\t\t\t\t\t\t\t<\/rs-layer><!--\n-->\t\t\t\t\t<\/rs-slide>\n\t\t\t\t\t\t<rs-slide style=\"position: absolute;\" data-key=\"rs-36\" data-title=\"Cocina vegana\" data-thumb=\"\/\/www.cabanamoristo.cat\/wp-content\/uploads\/2024\/05\/CabanaMoristoPortada2-100x50.jpg\" data-in=\"o:0;\" data-out=\"a:false;\">\n\t\t\t\t\t\t\t<img decoding=\"async\" src=\"\/\/www.cabanamoristo.cat\/wp-content\/plugins\/revslider\/sr6\/assets\/assets\/dummy.png\" alt=\"\" title=\"CabanaMoristoPortada2\" width=\"1920\" height=\"1280\" class=\"rev-slidebg tp-rs-img rs-lazyload\" data-lazyload=\"\/\/www.cabanamoristo.cat\/wp-content\/uploads\/2024\/05\/CabanaMoristoPortada2.jpg\" data-no-retina>\n<!--\n\t\t\t\t\t\t\t--><rs-layer\n\t\t\t\t\t\t\t\tid=\"slider-2-slide-36-layer-3\" \n\t\t\t\t\t\t\t\tclass=\"tp-shape tp-shapewrapper\"\n\t\t\t\t\t\t\t\tdata-type=\"shape\"\n\t\t\t\t\t\t\t\tdata-rsp_ch=\"on\"\n\t\t\t\t\t\t\t\tdata-xy=\"x:c;y:m;\"\n\t\t\t\t\t\t\t\tdata-text=\"fw:500;\"\n\t\t\t\t\t\t\t\tdata-dim=\"w:500px;h:270px;\"\n\t\t\t\t\t\t\t\tdata-frame_0=\"sX:0.8;sY:0.8;\"\n\t\t\t\t\t\t\t\tdata-frame_1=\"e:power4.out;st:500;sp:1500;\"\n\t\t\t\t\t\t\t\tdata-frame_999=\"o:0;e:nothing;st:w;\"\n\t\t\t\t\t\t\t\tstyle=\"z-index:5;background-color:rgba(255,255,255,0.87);cursor:pointer;\"\n\t\t\t\t\t\t\t> \n\t\t\t\t\t\t\t<\/rs-layer><!--\n\n\t\t\t\t\t\t\t--><rs-layer\n\t\t\t\t\t\t\t\tid=\"slider-2-slide-36-layer-4\" \n\t\t\t\t\t\t\t\tclass=\"tp-shape tp-shapewrapper\"\n\t\t\t\t\t\t\t\tdata-type=\"shape\"\n\t\t\t\t\t\t\t\tdata-rsp_ch=\"on\"\n\t\t\t\t\t\t\t\tdata-xy=\"x:c;y:m;\"\n\t\t\t\t\t\t\t\tdata-text=\"fw:500;\"\n\t\t\t\t\t\t\t\tdata-dim=\"w:470px;h:240px;\"\n\t\t\t\t\t\t\t\tdata-border=\"bos:solid;boc:rgba(120,47,19,1);bow:1px,1px,1px,1px;\"\n\t\t\t\t\t\t\t\tdata-frame_0=\"sX:0.8;sY:0.8;\"\n\t\t\t\t\t\t\t\tdata-frame_1=\"e:power4.out;st:500;sp:1500;\"\n\t\t\t\t\t\t\t\tdata-frame_999=\"o:0;e:nothing;st:w;\"\n\t\t\t\t\t\t\t\tstyle=\"z-index:6;cursor:pointer;\"\n\t\t\t\t\t\t\t> \n\t\t\t\t\t\t\t<\/rs-layer><!--\n\n\t\t\t\t\t\t\t--><rs-layer\n\t\t\t\t\t\t\t\tid=\"slider-2-slide-36-layer-5\" \n\t\t\t\t\t\t\t\tdata-type=\"image\"\n\t\t\t\t\t\t\t\tdata-rsp_ch=\"on\"\n\t\t\t\t\t\t\t\tdata-xy=\"x:c;y:m;yo:-35px;\"\n\t\t\t\t\t\t\t\tdata-text=\"l:22;\"\n\t\t\t\t\t\t\t\tdata-dim=\"w:[&#039;247px&#039;,&#039;247px&#039;,&#039;247px&#039;,&#039;247px&#039;];h:[&#039;156px&#039;,&#039;156px&#039;,&#039;156px&#039;,&#039;156px&#039;];\"\n\t\t\t\t\t\t\t\tdata-frame_0=\"y:50px;\"\n\t\t\t\t\t\t\t\tdata-frame_1=\"e:power2.inOut;st:1300;sp:1500;\"\n\t\t\t\t\t\t\t\tdata-frame_999=\"o:0;e:nothing;st:w;\"\n\t\t\t\t\t\t\t\tstyle=\"z-index:7;cursor:pointer;\"\n\t\t\t\t\t\t\t><img decoding=\"async\" src=\"\/\/www.cabanamoristo.cat\/wp-content\/plugins\/revslider\/sr6\/assets\/assets\/dummy.png\" alt=\"\" class=\"tp-rs-img rs-lazyload\" width=\"422\" height=\"267\" data-lazyload=\"\/\/www.cabanamoristo.cat\/wp-content\/uploads\/2024\/05\/logo.png\" data-no-retina> \n\t\t\t\t\t\t\t<\/rs-layer><!--\n\n\t\t\t\t\t\t\t--><rs-layer\n\t\t\t\t\t\t\t\tid=\"slider-2-slide-36-layer-6\" \n\t\t\t\t\t\t\t\tdata-type=\"text\"\n\t\t\t\t\t\t\t\tdata-color=\"rgba(37,37,37,1)\"\n\t\t\t\t\t\t\t\tdata-rsp_ch=\"on\"\n\t\t\t\t\t\t\t\tdata-xy=\"x:c;y:m;yo:7px;\"\n\t\t\t\t\t\t\t\tdata-text=\"s:30;l:30;fw:700;\"\n\t\t\t\t\t\t\t\tdata-frame_0=\"y:50px;\"\n\t\t\t\t\t\t\t\tdata-frame_1=\"e:power2.inOut;st:1500;sp:1500;\"\n\t\t\t\t\t\t\t\tdata-frame_999=\"o:0;e:nothing;st:w;\"\n\t\t\t\t\t\t\t\tstyle=\"z-index:8;font-family:'Montserrat';\"\n\t\t\t\t\t\t\t> \n\t\t\t\t\t\t\t<\/rs-layer><!--\n\n\t\t\t\t\t\t\t--><rs-layer\n\t\t\t\t\t\t\t\tid=\"slider-2-slide-36-layer-7\" \n\t\t\t\t\t\t\t\tdata-type=\"text\"\n\t\t\t\t\t\t\t\tdata-color=\"rgba(69,69,69,1)\"\n\t\t\t\t\t\t\t\tdata-rsp_ch=\"on\"\n\t\t\t\t\t\t\t\tdata-xy=\"x:c;y:m;yo:60px;\"\n\t\t\t\t\t\t\t\tdata-text=\"s:15;l:20;a:center;\"\n\t\t\t\t\t\t\t\tdata-frame_0=\"y:50px;\"\n\t\t\t\t\t\t\t\tdata-frame_1=\"e:power2.inOut;st:1700;sp:1500;\"\n\t\t\t\t\t\t\t\tdata-frame_999=\"o:0;e:nothing;st:w;\"\n\t\t\t\t\t\t\t\tstyle=\"z-index:9;font-family:'Lora';\"\n\t\t\t\t\t\t\t>Cocina vegana \n\t\t\t\t\t\t\t<\/rs-layer><!--\n-->\t\t\t\t\t<\/rs-slide>\n\t\t\t\t\t<\/rs-slides>\n\t\t\t\t<\/rs-module>\n\t\t\t\t<script>\n\t\t\t\t\tsetREVStartSize({c: 'rev_slider_2_1',rl:[1240,1024,778,480],el:[600,600,500,400],gw:[1240,1024,778,480],gh:[600,600,500,400],type:'carousel',justify:'',layout:'fullwidth',mh:\"0\"});if (window.RS_MODULES!==undefined && window.RS_MODULES.modules!==undefined && window.RS_MODULES.modules[\"revslider21\"]!==undefined) {window.RS_MODULES.modules[\"revslider21\"].once = false;window.revapi2 = undefined;if (window.RS_MODULES.checkMinimal!==undefined) window.RS_MODULES.checkMinimal()}\n\t\t\t\t<\/script>\n\t\t\t<\/rs-module-wrap>\n\t\t\t<!-- END REVOLUTION SLIDER -->\n[\/vc_column][\/vc_row][vc_row el_class=\u00bbsection-grey\u00bb][vc_column width=\u00bb1\/2&#8243; el_class=\u00bbwow slideInLeft\u00bb][vc_gallery interval=\u00bb3&#8243; images=\u00bb962,964,966,968,970,972&#8243; img_size=\u00bbfull\u00bb][\/vc_column][vc_column width=\u00bb1\/2&#8243; el_class=\u00bbtext-center padding-top-40 padding-bottom-40 wow slideInRight\u00bb]<div class=\"\"><span class=\"comic-text \">Catering<\/span><h2 class=\"section-title  \">&nbsp;<\/h2><p class=\"\">Para tus eventos. Bodas, cumplea\u00f1os, celebraciones, inauguraciones, etc. Me adapto a tus necesidades. Pide presupuesto sin compromiso.<\/p><\/div>[\/vc_column][\/vc_row][vc_row el_class=\u00bbsection-white small-padding no-padding-bottom\u00bb][vc_column width=\u00bb2\/3&#8243; el_class=\u00bbtext-center padding-top-50 padding-bottom-50 wow slideInLeft\u00bb css=\u00bb.vc_custom_1456826169297{margin-bottom: 0px !important;}\u00bb]<div class=\"\"><span class=\"comic-text \">Talleres<\/span><h2 class=\"section-title  \">&nbsp;<\/h2><p class=\"\">Talleres infantiles, juveniles o familiares. Pueden ser en una \u00fanica sesi\u00f3n o una sesi\u00f3n semanal durante el tiempo que se quiera.<br \/>\nTalleres infantiles: de 6 a 11 a\u00f1os<br \/>\nTalleres juveniles: de 12 a 16 a\u00f1os<br \/>\nTalleres familiares: a partir de 5 a\u00f1os (cada ni\u00f1o debe ir acompa\u00f1ado de un adulto)<\/p><\/div>[\/vc_column][vc_column width=\u00bb1\/3&#8243; el_class=\u00bbwow slideInRight\u00bb][vc_gallery interval=\u00bb3&#8243; images=\u00bb975,977,979,981,983,985,988&#8243; img_size=\u00bbfull\u00bb][\/vc_column][\/vc_row][vc_row el_class=\u00bbsection-grey\u00bb][vc_column width=\u00bb1\/2&#8243; el_class=\u00bbwow slideInLeft\u00bb][vc_single_image image=\u00bb1002&#8243; img_size=\u00bblarge\u00bb alignment=\u00bbcenter\u00bb][\/vc_column][vc_column width=\u00bb1\/2&#8243; el_class=\u00bbtext-center padding-top-40 padding-bottom-40 wow slideInRight\u00bb]<div class=\"\"><span class=\"comic-text \">Cursos on-line<\/span><h2 class=\"section-title  \">&nbsp;<\/h2><p class=\"\">(pr\u00f3ximamente)<\/p><\/div>[\/vc_column][\/vc_row][vc_row el_class=\u00bbsection-white small-padding no-padding-bottom\u00bb][vc_column width=\u00bb1\/2&#8243; el_class=\u00bbtext-center padding-top-50 padding-bottom-50 wow slideInLeft\u00bb css=\u00bb.vc_custom_1456826169297{margin-bottom: 0px !important;}\u00bb]<div class=\"\"><span class=\"comic-text \">La guineu vegana<\/span><h2 class=\"section-title  \">&nbsp;<\/h2><p class=\"\">Cenas \u201cclandestinas\u201d en lugares inesperados. Experiencias \u00fanicas. Maridaje con arte, cervezas artesanas, vinos de la tierra y otras sorpresas. \u00a1Cada cena es irrepetible! Para recibir m\u00e1s informaci\u00f3n, s\u00edgueme en Instagram.<\/p><\/div>[\/vc_column][vc_column width=\u00bb1\/2&#8243; el_class=\u00bbwow slideInRight\u00bb][vc_single_image image=\u00bb817&#8243; img_size=\u00bbmedium\u00bb alignment=\u00bbcenter\u00bb css=\u00bb.vc_custom_1715705025269{margin-bottom: 0px !important;}\u00bb][\/vc_column][\/vc_row][vc_row][vc_column][vc_empty_space][\/vc_column][\/vc_row]<\/p>\n<\/div>","protected":false},"excerpt":{"rendered":"<p>[vc_row ova_container=\u00bb0&#8243; el_id=\u00bbhome\u00bb css=\u00bb.vc_custom_1717698038733{padding-right: 0px !important;padding-left: 0px !important;}\u00bb][vc_column css=\u00bb.vc_custom_1717698253510{padding-top: 15px !important;padding-right: 0px !important;padding-bottom: 15px !important;padding-left: 0px !important;}\u00bb][\/vc_column][\/vc_row][vc_row el_class=\u00bbsection-grey\u00bb][vc_column width=\u00bb1\/2&#8243; el_class=\u00bbwow slideInLeft\u00bb][vc_gallery interval=\u00bb3&#8243; images=\u00bb962,964,966,968,970,972&#8243; img_size=\u00bbfull\u00bb][\/vc_column][vc_column width=\u00bb1\/2&#8243; el_class=\u00bbtext-center padding-top-40 padding-bottom-40 wow slideInRight\u00bb][\/vc_column][\/vc_row][vc_row el_class=\u00bbsection-white small-padding no-padding-bottom\u00bb][vc_column width=\u00bb2\/3&#8243; el_class=\u00bbtext-center padding-top-50 padding-bottom-50 wow slideInLeft\u00bb css=\u00bb.vc_custom_1456826169297{margin-bottom: 0px !important;}\u00bb][\/vc_column][vc_column width=\u00bb1\/3&#8243; el_class=\u00bbwow slideInRight\u00bb][vc_gallery interval=\u00bb3&#8243; images=\u00bb975,977,979,981,983,985,988&#8243; img_size=\u00bbfull\u00bb][\/vc_column][\/vc_row][vc_row el_class=\u00bbsection-grey\u00bb][vc_column width=\u00bb1\/2&#8243; el_class=\u00bbwow slideInLeft\u00bb][vc_single_image image=\u00bb1002&#8243; img_size=\u00bblarge\u00bb alignment=\u00bbcenter\u00bb][\/vc_column][vc_column [&hellip;]<\/p>\n","protected":false},"author":1,"featured_media":0,"parent":0,"menu_order":1,"comment_status":"closed","ping_status":"closed","template":"templates\/visualcomposer_template.php","meta":{"footnotes":""},"aioseo_notices":[],"_links":{"self":[{"href":"https:\/\/www.cabanamoristo.cat\/es\/wp-json\/wp\/v2\/pages\/1097"}],"collection":[{"href":"https:\/\/www.cabanamoristo.cat\/es\/wp-json\/wp\/v2\/pages"}],"about":[{"href":"https:\/\/www.cabanamoristo.cat\/es\/wp-json\/wp\/v2\/types\/page"}],"author":[{"embeddable":true,"href":"https:\/\/www.cabanamoristo.cat\/es\/wp-json\/wp\/v2\/users\/1"}],"replies":[{"embeddable":true,"href":"https:\/\/www.cabanamoristo.cat\/es\/wp-json\/wp\/v2\/comments?post=1097"}],"version-history":[{"count":4,"href":"https:\/\/www.cabanamoristo.cat\/es\/wp-json\/wp\/v2\/pages\/1097\/revisions"}],"predecessor-version":[{"id":1148,"href":"https:\/\/www.cabanamoristo.cat\/es\/wp-json\/wp\/v2\/pages\/1097\/revisions\/1148"}],"wp:attachment":[{"href":"https:\/\/www.cabanamoristo.cat\/es\/wp-json\/wp\/v2\/media?parent=1097"}],"curies":[{"name":"wp","href":"https:\/\/api.w.org\/{rel}","templated":true}]}}