{"id":1101,"date":"2024-05-03T13:42:29","date_gmt":"2024-05-03T11:42:29","guid":{"rendered":"https:\/\/www.cabanamoristo.cat\/qui-soc\/"},"modified":"2025-01-11T14:28:13","modified_gmt":"2025-01-11T12:28:13","slug":"quien-soy","status":"publish","type":"page","link":"https:\/\/www.cabanamoristo.cat\/es\/quien-soy\/","title":{"rendered":"Quien soy"},"content":{"rendered":"<div class=\"wpb-content-wrapper\"><p>[vc_row full_height=\u00bbyes\u00bb parallax=\u00bbcontent-moving\u00bb parallax_image=\u00bb638&#8243; ova_bg_pattern=\u00bbrgba(17,17,17,0.45)\u00bb css=\u00bb.vc_custom_1715705390299{margin-top: 15px !important;}\u00bb][vc_column css=\u00bb.vc_custom_1456823457670{padding-top: 220px !important;padding-bottom: 80px !important;background-position: center !important;background-repeat: no-repeat !important;background-size: cover !important;}\u00bb offset=\u00bbvc_col-lg-offset-1 vc_col-lg-10 vc_col-md-offset-1 vc_col-md-10&#8243;]<div class=\"text-center hero-text white\"><span class=\"comic-text wow fadeIn\">Cabana Morist\u00f3<\/span><h2 class=\"section-title  wow bounceIn white\">Quien soy<\/h2><\/div>[\/vc_column][\/vc_row][vc_row][vc_column][vc_empty_space height=\u00bb50px\u00bb][\/vc_column][\/vc_row][vc_row][vc_column width=\u00bb1\/4&#8243;][vc_single_image image=\u00bb640&#8243; img_size=\u00bbfull\u00bb alignment=\u00bbcenter\u00bb style=\u00bbvc_box_shadow_3d\u00bb][\/vc_column][vc_column width=\u00bb3\/4&#8243;]<div class=\"\"><span class=\"comic-text \">Quien soy<\/span><p class=\"\">Desde peque\u00f1a he sido una enamorada de los animales, tanto que quer\u00eda estudiar Veterinaria. Finalmente estudi\u00e9 Biolog\u00eda, pero con el tiempo vi que no me imaginaba el resto de mi vida en un laboratorio o dando clases en las escuelas, as\u00ed que una vez acabada la carrera me dediqu\u00e9 a otros trabajos. Al cabo de un tiempo, despu\u00e9s de hacerme vegana, descubr\u00ed que mis opciones culinarias fuera de casa se reduc\u00edan dr\u00e1sticamente (estamos hablando de un lejano 2010) y abr\u00ed un restaurante vegano en Murcia (2011-2015). No ten\u00eda ni idea de cocina ni de como gestionar un restaurante, as\u00ed que fue una experiencia que me form\u00f3 mucho, pero a la vez fue un desastre.<\/p><\/div>[\/vc_column][\/vc_row][vc_row][vc_column width=\u00bb1\/4&#8243;][vc_single_image image=\u00bb793&#8243; img_size=\u00bbfull\u00bb alignment=\u00bbcenter\u00bb style=\u00bbvc_box_shadow_3d\u00bb][\/vc_column][vc_column width=\u00bb3\/4&#8243;]<div class=\"\"><p class=\"\">En 2015 cerr\u00e9 el restaurante y fui a vivir a Solsona, a la casa familiar. Al poco tiempo, llev\u00e9 la cocina de Aur\u00f3 Natura, un centro en plena naturaleza para personas dependientes y con diversidad funcional. \u00a1Fue una experiencia muy gratificante!<\/p><\/div><div class=\"\"><p class=\"\">El siguiente gran paso fue entrar a trabajar en 2017 en el hotel vegano Casa Albets, primero como ayudante de cocina y en 2018 como jefa de cocina. Las cosas que he aprendido en esa cocina han marcado un antes y un despu\u00e9s en mis platos. Todas las horas de trabajo se vieron recompensadas con la obtenci\u00f3n de la Estrella Verde Michelin y el Bib Gourmand 2021, renovados ambos al a\u00f1o siguiente.<\/p><\/div>[\/vc_column][\/vc_row][vc_row][vc_column width=\u00bb1\/4&#8243;][vc_single_image image=\u00bb800&#8243; img_size=\u00bbfull\u00bb alignment=\u00bbcenter\u00bb style=\u00bbvc_box_shadow_3d\u00bb][\/vc_column][vc_column width=\u00bb3\/4&#8243;]<div class=\"\"><p class=\"\">Desafortunadamente, la situaci\u00f3n econ\u00f3mica generada por el Covid y la subida de precios, hicieron que todos los trabajadores tuvi\u00e9ramos que dejar Casa Albets en 2022. Desde entonces trabajo por mi cuenta, haciendo clases de cocina para ni\u00f1os y familias, caterings e innovaci\u00f3n alimentaria con la marca Nuveg.<\/p>\n<p>Y pronto ver\u00e9is nuevos proyectos, como el obrador Cabana Morist\u00f3.<\/p>\n<p>\u00a1El presente es vegano!<\/p><\/div>[\/vc_column][\/vc_row]<\/p>\n<\/div>","protected":false},"excerpt":{"rendered":"<p>[vc_row full_height=\u00bbyes\u00bb parallax=\u00bbcontent-moving\u00bb parallax_image=\u00bb638&#8243; ova_bg_pattern=\u00bbrgba(17,17,17,0.45)\u00bb css=\u00bb.vc_custom_1715705390299{margin-top: 15px !important;}\u00bb][vc_column css=\u00bb.vc_custom_1456823457670{padding-top: 220px !important;padding-bottom: 80px !important;background-position: center !important;background-repeat: no-repeat !important;background-size: cover !important;}\u00bb offset=\u00bbvc_col-lg-offset-1 vc_col-lg-10 vc_col-md-offset-1 vc_col-md-10&#8243;][\/vc_column][\/vc_row][vc_row][vc_column][vc_empty_space height=\u00bb50px\u00bb][\/vc_column][\/vc_row][vc_row][vc_column width=\u00bb1\/4&#8243;][vc_single_image image=\u00bb640&#8243; img_size=\u00bbfull\u00bb alignment=\u00bbcenter\u00bb style=\u00bbvc_box_shadow_3d\u00bb][\/vc_column][vc_column width=\u00bb3\/4&#8243;][\/vc_column][\/vc_row][vc_row][vc_column width=\u00bb1\/4&#8243;][vc_single_image image=\u00bb793&#8243; img_size=\u00bbfull\u00bb alignment=\u00bbcenter\u00bb style=\u00bbvc_box_shadow_3d\u00bb][\/vc_column][vc_column width=\u00bb3\/4&#8243;][\/vc_column][\/vc_row][vc_row][vc_column width=\u00bb1\/4&#8243;][vc_single_image image=\u00bb800&#8243; img_size=\u00bbfull\u00bb alignment=\u00bbcenter\u00bb style=\u00bbvc_box_shadow_3d\u00bb][\/vc_column][vc_column width=\u00bb3\/4&#8243;][\/vc_column][\/vc_row]<\/p>\n","protected":false},"author":1,"featured_media":1172,"parent":0,"menu_order":3,"comment_status":"closed","ping_status":"closed","template":"templates\/visualcomposer_template.php","meta":{"footnotes":""},"aioseo_notices":[],"_links":{"self":[{"href":"https:\/\/www.cabanamoristo.cat\/es\/wp-json\/wp\/v2\/pages\/1101"}],"collection":[{"href":"https:\/\/www.cabanamoristo.cat\/es\/wp-json\/wp\/v2\/pages"}],"about":[{"href":"https:\/\/www.cabanamoristo.cat\/es\/wp-json\/wp\/v2\/types\/page"}],"author":[{"embeddable":true,"href":"https:\/\/www.cabanamoristo.cat\/es\/wp-json\/wp\/v2\/users\/1"}],"replies":[{"embeddable":true,"href":"https:\/\/www.cabanamoristo.cat\/es\/wp-json\/wp\/v2\/comments?post=1101"}],"version-history":[{"count":8,"href":"https:\/\/www.cabanamoristo.cat\/es\/wp-json\/wp\/v2\/pages\/1101\/revisions"}],"predecessor-version":[{"id":1242,"href":"https:\/\/www.cabanamoristo.cat\/es\/wp-json\/wp\/v2\/pages\/1101\/revisions\/1242"}],"wp:featuredmedia":[{"embeddable":true,"href":"https:\/\/www.cabanamoristo.cat\/es\/wp-json\/wp\/v2\/media\/1172"}],"wp:attachment":[{"href":"https:\/\/www.cabanamoristo.cat\/es\/wp-json\/wp\/v2\/media?parent=1101"}],"curies":[{"name":"wp","href":"https:\/\/api.w.org\/{rel}","templated":true}]}}