{"id":1106,"date":"2024-06-06T20:16:24","date_gmt":"2024-06-06T18:16:24","guid":{"rendered":"https:\/\/www.cabanamoristo.cat\/veganisme\/"},"modified":"2024-06-09T16:24:07","modified_gmt":"2024-06-09T14:24:07","slug":"veganismo","status":"publish","type":"page","link":"https:\/\/www.cabanamoristo.cat\/es\/veganismo\/","title":{"rendered":"Veganismo"},"content":{"rendered":"<div class=\"wpb-content-wrapper\"><p>[vc_row full_height=\u00bbyes\u00bb parallax=\u00bbcontent-moving\u00bb parallax_image=\u00bb959&#8243; css=\u00bb.vc_custom_1717698447278{margin-top: 15px !important;}\u00bb ova_bg_pattern=\u00bbrgba(17,17,17,0.45)\u00bb][vc_column css=\u00bb.vc_custom_1717698536746{padding-top: 220px !important;padding-bottom: 80px !important;}\u00bb offset=\u00bbvc_col-lg-offset-1 vc_col-lg-10 vc_col-md-offset-1 vc_col-md-10&#8243;]<div class=\"text-center hero-text white\"><span class=\"comic-text wow fadeIn\">Cabana Morist\u00f3<\/span><h2 class=\"section-title  wow bounceIn white\">Veganismo<\/h2><\/div>[\/vc_column][\/vc_row][vc_row css=\u00bb.vc_custom_1715707860747{padding-top: 50px !important;padding-bottom: 50px !important;}\u00bb][vc_column]<div class=\"text-center\"><span class=\"comic-text wow fadeIn\">Veganismo<\/span><h2 class=\"section-title  wow bounceIn\">&nbsp;<\/h2><p class=\"\">El VEGANISMO es un estilo de vida basado en el respeto hacia los animales, que rechaza el uso y el consumo de animales o de cualquier producto o subproducto obtenido mediante el uso o la muerte de animales. El veganismo comporta, entre otras cosas, el seguimiento de una dieta vegetariana estricta, que excluye completamente los productos de origen animal, incluidos huevos, leche y miel; la renuncia a utilizar tejidos de origen animal; la oposici\u00f3n a la experimentaci\u00f3n con animales y el rechazo a los espect\u00e1culos en que se usan animales. (www.termcat.cat)<\/p><\/div>[vc_single_image image=\u00bb734&#8243; alignment=\u00bbcenter\u00bb css_animation=\u00bbfadeIn\u00bb][\/vc_column][\/vc_row][vc_row css=\u00bb.vc_custom_1715707900268{padding-top: 30px !important;background-color: #eef0f1 !important;}\u00bb][vc_column width=\u00bb1\/3&#8243;][vc_icon icon_fontawesome=\u00bbfas fa-crow\u00bb color=\u00bbcustom\u00bb size=\u00bbxl\u00bb align=\u00bbcenter\u00bb css_animation=\u00bbbounceIn\u00bb custom_color=\u00bb#cb6ce6&#8243;]<div class=\"\"><span class=\"comic-text \">Por los animales<\/span><\/div>[\/vc_column][vc_column width=\u00bb1\/3&#8243;][vc_icon icon_fontawesome=\u00bbfas fa-recycle\u00bb color=\u00bbcustom\u00bb size=\u00bbxl\u00bb align=\u00bbcenter\u00bb css_animation=\u00bbbounceIn\u00bb custom_color=\u00bb#cb6ce6&#8243;]<div class=\"\"><span class=\"comic-text \">Por el medio ambiente<\/span><\/div>[vc_empty_space][vc_column_text]<\/p>\n<p style=\"text-align: center;\">Reducir el consumo tanto de carne como de productos l\u00e1cteos podr\u00eda reducir en 2\/3 la huella de carbono de los alimentos que consumimos. Seg\u00fan un nuevo estudio, el 25% de las emisiones anuales de gases de efecto invernadero, corresponden al sector de la alimentaci\u00f3n.<\/p>\n<p style=\"text-align: center;\"><a href=\"https:\/\/www.nationalgeographic.com.es\/ciencia\/consumir-menos-carne-reduce-huella-ecologica_8975\">https:\/\/www.nationalgeographic.com.es\/ciencia\/consumir-menos-carne-reduce-huella-ecologica_8975<\/a><\/p>\n<p style=\"text-align: center;\">La gente que sigue una dieta vegana genera s\u00f3lo el 30% del impacto ambiental que una dieta basada en el gran consumo de carne<\/p>\n<p style=\"text-align: center;\"><a href=\"https:\/\/agencia.unq.edu.ar\/?p=13934\">https:\/\/agencia.unq.edu.ar\/?p=13934<\/a><\/p>\n<p>[\/vc_column_text][\/vc_column][vc_column width=\u00bb1\/3&#8243;][vc_icon icon_fontawesome=\u00bbfas fa-heartbeat\u00bb color=\u00bbcustom\u00bb size=\u00bbxl\u00bb align=\u00bbcenter\u00bb css_animation=\u00bbbounceIn\u00bb custom_color=\u00bb#cb6ce6&#8243;]<div class=\"\"><span class=\"comic-text \">Por la salud<\/span><\/div>[vc_empty_space][vc_column_text]<\/p>\n<p style=\"text-align: center;\"><a href=\"https:\/\/unionvegetariana.org\/resenas-sobre-estudios-cientificos\/\">https:\/\/unionvegetariana.org\/resenas-sobre-estudios-cientificos\/<\/a><\/p>\n<p>[\/vc_column_text][\/vc_column][\/vc_row]<\/p>\n<\/div>","protected":false},"excerpt":{"rendered":"<p>[vc_row full_height=\u00bbyes\u00bb parallax=\u00bbcontent-moving\u00bb parallax_image=\u00bb959&#8243; css=\u00bb.vc_custom_1717698447278{margin-top: 15px !important;}\u00bb ova_bg_pattern=\u00bbrgba(17,17,17,0.45)\u00bb][vc_column css=\u00bb.vc_custom_1717698536746{padding-top: 220px !important;padding-bottom: 80px !important;}\u00bb offset=\u00bbvc_col-lg-offset-1 vc_col-lg-10 vc_col-md-offset-1 vc_col-md-10&#8243;][\/vc_column][\/vc_row][vc_row css=\u00bb.vc_custom_1715707860747{padding-top: 50px !important;padding-bottom: 50px !important;}\u00bb][vc_column][vc_single_image image=\u00bb734&#8243; alignment=\u00bbcenter\u00bb css_animation=\u00bbfadeIn\u00bb][\/vc_column][\/vc_row][vc_row css=\u00bb.vc_custom_1715707900268{padding-top: 30px !important;background-color: #eef0f1 !important;}\u00bb][vc_column width=\u00bb1\/3&#8243;][vc_icon icon_fontawesome=\u00bbfas fa-crow\u00bb color=\u00bbcustom\u00bb size=\u00bbxl\u00bb align=\u00bbcenter\u00bb css_animation=\u00bbbounceIn\u00bb custom_color=\u00bb#cb6ce6&#8243;][\/vc_column][vc_column width=\u00bb1\/3&#8243;][vc_icon icon_fontawesome=\u00bbfas fa-recycle\u00bb color=\u00bbcustom\u00bb size=\u00bbxl\u00bb align=\u00bbcenter\u00bb css_animation=\u00bbbounceIn\u00bb custom_color=\u00bb#cb6ce6&#8243;][vc_empty_space][vc_column_text] Reducir el consumo tanto de carne como de productos [&hellip;]<\/p>\n","protected":false},"author":1,"featured_media":0,"parent":0,"menu_order":4,"comment_status":"closed","ping_status":"closed","template":"templates\/visualcomposer_template.php","meta":{"footnotes":""},"aioseo_notices":[],"_links":{"self":[{"href":"https:\/\/www.cabanamoristo.cat\/es\/wp-json\/wp\/v2\/pages\/1106"}],"collection":[{"href":"https:\/\/www.cabanamoristo.cat\/es\/wp-json\/wp\/v2\/pages"}],"about":[{"href":"https:\/\/www.cabanamoristo.cat\/es\/wp-json\/wp\/v2\/types\/page"}],"author":[{"embeddable":true,"href":"https:\/\/www.cabanamoristo.cat\/es\/wp-json\/wp\/v2\/users\/1"}],"replies":[{"embeddable":true,"href":"https:\/\/www.cabanamoristo.cat\/es\/wp-json\/wp\/v2\/comments?post=1106"}],"version-history":[{"count":5,"href":"https:\/\/www.cabanamoristo.cat\/es\/wp-json\/wp\/v2\/pages\/1106\/revisions"}],"predecessor-version":[{"id":1151,"href":"https:\/\/www.cabanamoristo.cat\/es\/wp-json\/wp\/v2\/pages\/1106\/revisions\/1151"}],"wp:attachment":[{"href":"https:\/\/www.cabanamoristo.cat\/es\/wp-json\/wp\/v2\/media?parent=1106"}],"curies":[{"name":"wp","href":"https:\/\/api.w.org\/{rel}","templated":true}]}}