{"id":1110,"date":"2016-03-01T10:07:19","date_gmt":"2016-03-01T08:07:19","guid":{"rendered":"https:\/\/www.cabanamoristo.cat\/obrador\/"},"modified":"2025-01-11T14:20:52","modified_gmt":"2025-01-11T12:20:52","slug":"obrador","status":"publish","type":"page","link":"https:\/\/www.cabanamoristo.cat\/es\/obrador\/","title":{"rendered":"Obrador"},"content":{"rendered":"<div class=\"wpb-content-wrapper\"><p>[vc_row full_height=\u00bbyes\u00bb parallax=\u00bbcontent-moving\u00bb parallax_image=\u00bb831&#8243; ova_bg_pattern=\u00bbrgba(17,17,17,0.45)\u00bb css=\u00bb.vc_custom_1715705800214{margin-top: 15px !important;}\u00bb][vc_column css=\u00bb.vc_custom_1456823457670{padding-top: 220px !important;padding-bottom: 80px !important;background-position: center !important;background-repeat: no-repeat !important;background-size: cover !important;}\u00bb offset=\u00bbvc_col-lg-offset-1 vc_col-lg-10 vc_col-md-offset-1 vc_col-md-10&#8243;]<div class=\"text-center hero-text white\"><span class=\"comic-text wow fadeIn\">Cabana Morist\u00f3<\/span><h2 class=\"section-title  wow bounceIn white\">OBRADOR<\/h2><\/div>[\/vc_column][\/vc_row][vc_row][vc_column][vc_column_text css=\u00bb\u00bb]<\/p>\n<p>&nbsp;<\/p>\n<p>El obrador Cabana Morist\u00f3 ya est\u00e1 en marcha. Servimos directamente a particulares y a restauraci\u00f3n y hosteler\u00eda. Pide lista de precios sin compromiso.<\/p>\n<p>[\/vc_column_text][\/vc_column][\/vc_row]<\/p>\n<\/div>","protected":false},"excerpt":{"rendered":"<p>[vc_row full_height=\u00bbyes\u00bb parallax=\u00bbcontent-moving\u00bb parallax_image=\u00bb831&#8243; ova_bg_pattern=\u00bbrgba(17,17,17,0.45)\u00bb css=\u00bb.vc_custom_1715705800214{margin-top: 15px !important;}\u00bb][vc_column css=\u00bb.vc_custom_1456823457670{padding-top: 220px !important;padding-bottom: 80px !important;background-position: center !important;background-repeat: no-repeat !important;background-size: cover !important;}\u00bb offset=\u00bbvc_col-lg-offset-1 vc_col-lg-10 vc_col-md-offset-1 vc_col-md-10&#8243;][\/vc_column][\/vc_row][vc_row][vc_column][vc_column_text css=\u00bb\u00bb] &nbsp; El obrador Cabana Morist\u00f3 ya est\u00e1 en marcha. Servimos directamente a particulares y a restauraci\u00f3n y hosteler\u00eda. Pide lista de precios sin compromiso. [\/vc_column_text][\/vc_column][\/vc_row]<\/p>\n","protected":false},"author":1,"featured_media":0,"parent":0,"menu_order":7,"comment_status":"closed","ping_status":"closed","template":"","meta":{"footnotes":""},"aioseo_notices":[],"_links":{"self":[{"href":"https:\/\/www.cabanamoristo.cat\/es\/wp-json\/wp\/v2\/pages\/1110"}],"collection":[{"href":"https:\/\/www.cabanamoristo.cat\/es\/wp-json\/wp\/v2\/pages"}],"about":[{"href":"https:\/\/www.cabanamoristo.cat\/es\/wp-json\/wp\/v2\/types\/page"}],"author":[{"embeddable":true,"href":"https:\/\/www.cabanamoristo.cat\/es\/wp-json\/wp\/v2\/users\/1"}],"replies":[{"embeddable":true,"href":"https:\/\/www.cabanamoristo.cat\/es\/wp-json\/wp\/v2\/comments?post=1110"}],"version-history":[{"count":3,"href":"https:\/\/www.cabanamoristo.cat\/es\/wp-json\/wp\/v2\/pages\/1110\/revisions"}],"predecessor-version":[{"id":1239,"href":"https:\/\/www.cabanamoristo.cat\/es\/wp-json\/wp\/v2\/pages\/1110\/revisions\/1239"}],"wp:attachment":[{"href":"https:\/\/www.cabanamoristo.cat\/es\/wp-json\/wp\/v2\/media?parent=1110"}],"curies":[{"name":"wp","href":"https:\/\/api.w.org\/{rel}","templated":true}]}}